{"id":86430,"date":"2018-03-07T14:41:49","date_gmt":"2018-03-07T13:41:49","guid":{"rendered":"https:\/\/houtdraaiwerken-penkits.nl\/shop\/non class\u00e9\/etui-a-stylos-en-carton-noir-avec-fermeture-magnetique-2\/"},"modified":"2018-03-07T14:41:49","modified_gmt":"2018-03-07T13:41:49","slug":"etui-a-stylos-en-carton-noir-avec-fermeture-magnetique-2","status":"publish","type":"product","link":"https:\/\/houtdraaiwerken-penkits.nl\/fr\/shop\/coffrets-pour-stylos\/etui-a-stylos-en-carton-noir-avec-fermeture-magnetique\/etui-a-stylos-en-carton-noir-avec-fermeture-magnetique-2\/","title":{"rendered":"\u00c9tui \u00e0 stylos en carton noir avec fermeture magn\u00e9tique."},"content":{"rendered":"<p>&nbsp;<\/p>\n<p>&nbsp;<\/p>\n","protected":false},"excerpt":{"rendered":"<p>Plumier en carton noir avec fermeture magn\u00e9tique. Dimensions<span class=\"propery-title\">: 180x49x26mm<\/span> <\/p>\n","protected":false},"featured_media":47731,"comment_status":"open","ping_status":"closed","template":"","meta":{"_et_pb_use_builder":"","_et_pb_old_content":"","_et_gb_content_width":""},"product_brand":[],"product_cat":[7535],"product_tag":[5018,2213,2212,3756],"class_list":{"0":"post-86430","1":"product","2":"type-product","3":"status-publish","4":"has-post-thumbnail","6":"product_cat-etui-a-stylos-en-carton-noir-avec-fermeture-magnetique","7":"product_tag-boite-a-anneaux","8":"product_tag-kits-de-projets","9":"product_tag-kits-de-stylos","10":"product_tag-plumier-en-bois-simple","12":"first","13":"instock","14":"taxable","15":"shipping-taxable","16":"purchasable","17":"product-type-simple"},"_links":{"self":[{"href":"https:\/\/houtdraaiwerken-penkits.nl\/fr\/wp-json\/wp\/v2\/product\/86430","targetHints":{"allow":["GET"]}}],"collection":[{"href":"https:\/\/houtdraaiwerken-penkits.nl\/fr\/wp-json\/wp\/v2\/product"}],"about":[{"href":"https:\/\/houtdraaiwerken-penkits.nl\/fr\/wp-json\/wp\/v2\/types\/product"}],"replies":[{"embeddable":true,"href":"https:\/\/houtdraaiwerken-penkits.nl\/fr\/wp-json\/wp\/v2\/comments?post=86430"}],"wp:featuredmedia":[{"embeddable":true,"href":"https:\/\/houtdraaiwerken-penkits.nl\/fr\/wp-json\/wp\/v2\/media\/47731"}],"wp:attachment":[{"href":"https:\/\/houtdraaiwerken-penkits.nl\/fr\/wp-json\/wp\/v2\/media?parent=86430"}],"wp:term":[{"taxonomy":"product_brand","embeddable":true,"href":"https:\/\/houtdraaiwerken-penkits.nl\/fr\/wp-json\/wp\/v2\/product_brand?post=86430"},{"taxonomy":"product_cat","embeddable":true,"href":"https:\/\/houtdraaiwerken-penkits.nl\/fr\/wp-json\/wp\/v2\/product_cat?post=86430"},{"taxonomy":"product_tag","embeddable":true,"href":"https:\/\/houtdraaiwerken-penkits.nl\/fr\/wp-json\/wp\/v2\/product_tag?post=86430"}],"curies":[{"name":"wp","href":"https:\/\/api.w.org\/{rel}","templated":true}]}}