{"id":86690,"date":"2021-10-04T14:38:49","date_gmt":"2021-10-04T12:38:49","guid":{"rendered":"https:\/\/houtdraaiwerken-penkits.nl\/shop\/non class\u00e9\/kits-de-stylos-a-clics-pour-oiseaux\/"},"modified":"2026-02-22T15:31:16","modified_gmt":"2026-02-22T14:31:16","slug":"kits-de-stylos-a-clics-pour-oiseaux","status":"publish","type":"product","link":"https:\/\/houtdraaiwerken-penkits.nl\/fr\/shop\/kits-de-stylos\/kits-de-stylos-a-encliqueter\/kits-de-stylos-daction\/kits-de-stylos-a-clics-pour-oiseaux\/","title":{"rendered":"Kits de stylos \u00e0 clics pour oiseaux"},"content":{"rendered":"<p>le mat\u00e9riel n\u00e9cessaire :<\/p>\n<p>&nbsp;<\/p>\n<p><a href=\"https:\/\/houtdraaiwerken-penkits.nl\/fr\/shop\/jeu-dentretoises\/bu191-fr\/bu191\/\">BU191<\/a> Bagues<\/p>\n<p><a href=\"https:\/\/houtdraaiwerken-penkits.nl\/fr\/shop\/perceuse\/db010-fr\/db010-meche-10-mm\/\">DB010<\/a> M\u00e8che de 10 mm<\/p>\n<p>Moulin \u00e0 crayons <a href=\"https:\/\/houtdraaiwerken-penkits.nl\/fr\/shop\/outils\/pm014-fraises-a-stylo-hss-dia-9-15mm-l9-5cm-pour-tubes-de-stylos-de-10mm\/\">PM014<\/a>. Veuillez noter que pour une fraise \u00e0 stylo, vous avez \u00e9galement besoin d&rsquo;une fraise <a href=\"https:\/\/houtdraaiwerken-penkits.nl\/fr\/shop\/outils\/pm006-tete-de-coupe-3-4-a-6-tranchants-pour-fraises-pen\/\">PM006<\/a> ou <a href=\"https:\/\/houtdraaiwerken-penkits.nl\/fr\/shop\/outils\/nlpm002-tete-de-coupe-3-4-avec-4-aretes-de-coupe-pour-fraises-pen\/\">PM002<\/a>. La fraise s&rsquo;adapte \u00e0 toutes les tailles de fraises \u00e0 stylo.<\/p>\n","protected":false},"excerpt":{"rendered":"<p>Kits de stylos \u00e0 clics pour oiseaux<\/p>\n","protected":false},"featured_media":57895,"comment_status":"open","ping_status":"closed","template":"","meta":{"_et_pb_use_builder":"","_et_pb_old_content":"","_et_gb_content_width":""},"product_brand":[],"product_cat":[3551,7648],"product_tag":[3555,7649,2212,2939],"class_list":{"0":"post-86690","1":"product","2":"type-product","3":"status-publish","4":"has-post-thumbnail","6":"product_cat-kits-de-stylos","7":"product_cat-kits-de-stylos-daction","8":"product_tag-kit-stylo-a-bille-en-metal-arme","9":"product_tag-kit-stylo-pour-oiseaux","10":"product_tag-kits-de-stylos","11":"product_tag-kits-de-stylos-fr","13":"first","14":"instock","15":"taxable","16":"shipping-taxable","17":"purchasable","18":"product-type-variable"},"_links":{"self":[{"href":"https:\/\/houtdraaiwerken-penkits.nl\/fr\/wp-json\/wp\/v2\/product\/86690","targetHints":{"allow":["GET"]}}],"collection":[{"href":"https:\/\/houtdraaiwerken-penkits.nl\/fr\/wp-json\/wp\/v2\/product"}],"about":[{"href":"https:\/\/houtdraaiwerken-penkits.nl\/fr\/wp-json\/wp\/v2\/types\/product"}],"replies":[{"embeddable":true,"href":"https:\/\/houtdraaiwerken-penkits.nl\/fr\/wp-json\/wp\/v2\/comments?post=86690"}],"wp:featuredmedia":[{"embeddable":true,"href":"https:\/\/houtdraaiwerken-penkits.nl\/fr\/wp-json\/wp\/v2\/media\/57895"}],"wp:attachment":[{"href":"https:\/\/houtdraaiwerken-penkits.nl\/fr\/wp-json\/wp\/v2\/media?parent=86690"}],"wp:term":[{"taxonomy":"product_brand","embeddable":true,"href":"https:\/\/houtdraaiwerken-penkits.nl\/fr\/wp-json\/wp\/v2\/product_brand?post=86690"},{"taxonomy":"product_cat","embeddable":true,"href":"https:\/\/houtdraaiwerken-penkits.nl\/fr\/wp-json\/wp\/v2\/product_cat?post=86690"},{"taxonomy":"product_tag","embeddable":true,"href":"https:\/\/houtdraaiwerken-penkits.nl\/fr\/wp-json\/wp\/v2\/product_tag?post=86690"}],"curies":[{"name":"wp","href":"https:\/\/api.w.org\/{rel}","templated":true}]}}