{"id":86764,"date":"2021-08-27T09:31:23","date_gmt":"2021-08-27T07:31:23","guid":{"rendered":"https:\/\/houtdraaiwerken-penkits.nl\/shop\/non%20class\u00e9\/waxtik\/"},"modified":"2025-05-10T01:02:05","modified_gmt":"2025-05-09T23:02:05","slug":"waxtik","status":"publish","type":"product","link":"https:\/\/houtdraaiwerken-penkits.nl\/fr\/shop\/papier-de-verre-colle-et-finition\/waxtik-fr\/waxtik\/","title":{"rendered":"Waxtik"},"content":{"rendered":"<h1 id=\"PageTitle-D136\">finition rapide \u00e0 la cire pour le tourneur sur bois<\/h1>\n<div id=\"PageDescription-D136\">\n<p>&nbsp;<\/p>\n<p align=\"left\">Ces b\u00e2tons de cire dure sont sp\u00e9cialement con\u00e7us pour \u00eatre utilis\u00e9s sur le tour \u00e0 bois et se composent d&rsquo;un m\u00e9lange sp\u00e9cial de cires animales, v\u00e9g\u00e9tales et min\u00e9rales, dont la cire de Carnauba (la plus dure) pour une brillance et une durabilit\u00e9 \u00e9lev\u00e9es, les cires d&rsquo;Ozokerite et de Ceresin (avec un point de fusion \u00e9lev\u00e9) pour une duret\u00e9, une brillance et une r\u00e9sistance \u00e0 l&rsquo;eau suppl\u00e9mentaires, la cire microcristalline pour une durabilit\u00e9 et une r\u00e9sistance \u00e0 l&rsquo;eau, et enfin une touche de cire d&rsquo;abeille pour un \u00ab\u00a0toucher\u00a0\u00bb agr\u00e9able.<\/p>\n<p align=\"left\">Waxtik est appliqu\u00e9 directement sur la pi\u00e8ce pendant que le tour tourne, puis, comme pour les produits Shellawax, il est fondu en g\u00e9n\u00e9rant de la chaleur par friction en travaillant lentement la surface avec un chiffon de polissage. Une pression ferme donne un brillant satin\u00e9, tandis qu&rsquo;une pression l\u00e9g\u00e8re donne un brillant plus \u00e9lev\u00e9. Si vous le souhaitez, plusieurs couches peuvent \u00eatre appliqu\u00e9es directement l&rsquo;une sur l&rsquo;autre.  <\/p>\n<p align=\"left\">Waxtik peut bien s\u00fbr \u00eatre appliqu\u00e9 sur les diff\u00e9rents produits Shellawax et directement sur EEE-Ultrashine pour les pi\u00e8ces enti\u00e8rement cir\u00e9es. En outre, Waxtik peut \u00eatre appliqu\u00e9 sur la plupart des huiles telles que l&rsquo;huile de bois et l&rsquo;huile danoise, \u00e0 condition que l&rsquo;huile ait bien s\u00e9ch\u00e9 et qu&rsquo;il n&rsquo;y ait plus d&rsquo;huile fra\u00eeche qui transpire des pores. <\/p>\n<p align=\"left\">Pour une brillance rapide, appliquez d&rsquo;abord une couche de Shellawax ou d&rsquo;huile sur la pi\u00e8ce, puis appliquez imm\u00e9diatement le Waxtik comme d\u00e9crit ci-dessus.<\/p>\n<p align=\"left\">Waxtik est compatible avec les aliments, mais comme il s&rsquo;agit d&rsquo;une finition \u00e0 la cire, des taches blanches ou ternes peuvent appara\u00eetre au contact de l&rsquo;eau. Ces taches peuvent \u00eatre restaur\u00e9es avec de la cire traditionnelle si n\u00e9cessaire. <\/p>\n<p align=\"left\">Les produits Shellawax donnent les meilleurs r\u00e9sultats sur les bois \u00e0 structure dense et fine. Waxtik, en revanche, semble donner les meilleurs r\u00e9sultats sur les bois ouverts comme le ch\u00eane, par exemple. <\/p>\n<\/div>\n<p>[:en]Finition \u00e0 la cire rapide pour le tour \u00e0 bois<\/p>\n<p>Ces b\u00e2tons de cire dure ont \u00e9t\u00e9 sp\u00e9cialement con\u00e7us pour \u00eatre utilis\u00e9s sur le tour \u00e0 bois et sont compos\u00e9s d&rsquo;un m\u00e9lange sp\u00e9cial de cires animales, v\u00e9g\u00e9tales et min\u00e9rales, dont la cire de Carnauba (la plus dure) pour une brillance et une durabilit\u00e9 \u00e9lev\u00e9es, la cire d&rsquo;Ozok\u00e9rite et de C\u00e9r\u00e8sine (avec un point de fusion \u00e9lev\u00e9) pour une duret\u00e9, une brillance et une r\u00e9sistance \u00e0 l&rsquo;eau accrues, la cire microcristalline pour une durabilit\u00e9 et une r\u00e9sistance \u00e0 l&rsquo;eau et enfin une touche de cire d&rsquo;abeille pour un toucher agr\u00e9able. <\/p>\n<p>Waxtik est appliqu\u00e9 directement sur la pi\u00e8ce pendant que le tour tourne, puis, comme pour les produits Shellawax, il est fondu en g\u00e9n\u00e9rant de la chaleur par friction en travaillant lentement la surface avec un chiffon de polissage. Une pression ferme donne un brillant satin\u00e9, tandis qu&rsquo;une pression l\u00e9g\u00e8re donne un brillant plus intense. Si vous le souhaitez, plusieurs couches peuvent \u00eatre appliqu\u00e9es directement l&rsquo;une sur l&rsquo;autre.  <\/p>\n<p>Waxtik peut bien entendu \u00eatre appliqu\u00e9 sur les diff\u00e9rents produits Shellawax et directement sur EEE-Ultrashine pour les pi\u00e8ces enti\u00e8rement cir\u00e9es. En outre, Waxtik peut \u00eatre utilis\u00e9 sur la plupart des huiles telles que l&rsquo;huile de bois et l&rsquo;huile danoise, \u00e0 condition que l&rsquo;huile soit bien s\u00e9ch\u00e9e et qu&rsquo;il n&rsquo;y ait plus d&rsquo;huile fra\u00eeche qui transpire des pores. <\/p>\n<p>Pour un brillant rapide, appliquez d&rsquo;abord une couche de Shellawax ou d&rsquo;huile sur la pi\u00e8ce, puis appliquez imm\u00e9diatement le Waxtik comme d\u00e9crit ci-dessus.<\/p>\n<p>Waxtik est compatible avec les aliments, mais comme il s&rsquo;agit d&rsquo;une finition \u00e0 la cire, des taches blanches ou ternes peuvent appara\u00eetre au contact de l&rsquo;eau. Ces taches peuvent \u00eatre r\u00e9par\u00e9es avec la cire traditionnelle si n\u00e9cessaire. <\/p>\n<p>Les produits Shellawax donnent les meilleurs r\u00e9sultats sur les bois \u00e0 structure dense et fine. Waxtik, en revanche, semble donner les meilleurs r\u00e9sultats sur les bois ouverts tels que le ch\u00eane. <\/p>\n<p>[:de]Finition pour la machine \u00e0 laver le linge<\/p>\n<p>&nbsp;<\/p>\n<p>Ces produits ont \u00e9t\u00e9 sp\u00e9cialement con\u00e7us pour \u00eatre utilis\u00e9s sur la machine \u00e0 coudre et sont fabriqu\u00e9s \u00e0 partir d&rsquo;un m\u00e9lange sp\u00e9cial d&rsquo;huiles tierces, v\u00e9g\u00e9tales et min\u00e9rales, notamment la carnauba (l&rsquo;huile la plus dure) pour une couleur et une duret\u00e9 \u00e9lev\u00e9es, Ozokerit- und Ceresine-Wachs (mit hohem Schmelzpunkt) ) f\u00fcr zus\u00e4tzliche H\u00e4rte, Glanz und Wasserbest\u00e4ndigkeit, Mikrokristallines Wachs f\u00fcr Haltbarkeit und Wasserbest\u00e4ndigkeit und schlie\u00dflich ein Hauch Bienenwachs f\u00fcr eine angenehme Haptik.<\/p>\n<p>Waxtik est appliqu\u00e9 directement sur l&rsquo;outil de travail lors de la pr\u00e9paration de la machine \u00e0 laver et, \u00e0 l&rsquo;instar des produits \u00e0 base de cire de coquillage, il permet d&rsquo;obtenir des r\u00e9sultats positifs gr\u00e2ce \u00e0 un traitement long de la couche sup\u00e9rieure avec un polissage. Une empreinte plus forte donne un aspect satin\u00e9, tandis qu&rsquo;une empreinte plus l\u00e9g\u00e8re donne un aspect plus brillant. Sur demande, il est possible d&rsquo;ajouter plus d&rsquo;une couche directement \u00e0 l&rsquo;int\u00e9rieur de l&rsquo;appareil.  <\/p>\n<p>Waxtik peut naturellement \u00eatre utilis\u00e9 sur les diff\u00e9rents produits Shellawax et, pour les travaux les plus lourds, directement sur l&rsquo;EEE-Ultrashine. En outre, la Waxtik peut \u00eatre utilis\u00e9e sur la plupart des huiles comme l&rsquo;Houtolie et l&rsquo;huile danoise, si l&rsquo;huile est bien gratt\u00e9e et qu&rsquo;aucune huile fra\u00eeche ne s&rsquo;\u00e9coule plus dans les pores. <\/p>\n<p>Pour obtenir un r\u00e9sultat rapide et brillant, il faut d&rsquo;abord appliquer une couche de Shellawax ou d&rsquo;\u00d6l sur l&rsquo;outil, puis appliquer la cire telle qu&rsquo;elle est d\u00e9crite ci-dessus.<\/p>\n<p>Le Waxtik est un produit \u00e0 base de cire, mais il peut \u00eatre utilis\u00e9 pour la r\u00e9alisation d&rsquo;une couche de cire qui, en contact avec l&rsquo;eau, peut prendre des teintes bleues ou mates. Ces taches peuvent \u00eatre r\u00e9par\u00e9es \u00e0 l&rsquo;aide de la m\u00e9thode traditionnelle. <\/p>\n<p>Les meilleurs r\u00e9sultats sont les produits \u00e0 base de cire de coquillage sur des sols plus denses et plus beaux. Waxtik est \u00e9galement le meilleur r\u00e9sultat sur les murs en b\u00e9ton, comme l&rsquo;Eiche, \u00e0 obtenir [ :].<\/p>\n","protected":false},"excerpt":{"rendered":"<h1 class=\"entry-title\">Waxtik<\/h1>\n","protected":false},"featured_media":57427,"comment_status":"open","ping_status":"closed","template":"","meta":{"_et_pb_use_builder":"","_et_pb_old_content":"","_et_gb_content_width":""},"product_brand":[],"product_cat":[7684],"product_tag":[6103,7382,7685],"class_list":{"0":"post-86764","1":"product","2":"type-product","3":"status-publish","4":"has-post-thumbnail","6":"product_cat-waxtik-fr","7":"product_tag-huile-aussie-250ml","8":"product_tag-shellawax-liquide","9":"product_tag-waxtik-fr","11":"first","12":"outofstock","13":"taxable","14":"shipping-taxable","15":"purchasable","16":"product-type-simple"},"_links":{"self":[{"href":"https:\/\/houtdraaiwerken-penkits.nl\/fr\/wp-json\/wp\/v2\/product\/86764","targetHints":{"allow":["GET"]}}],"collection":[{"href":"https:\/\/houtdraaiwerken-penkits.nl\/fr\/wp-json\/wp\/v2\/product"}],"about":[{"href":"https:\/\/houtdraaiwerken-penkits.nl\/fr\/wp-json\/wp\/v2\/types\/product"}],"replies":[{"embeddable":true,"href":"https:\/\/houtdraaiwerken-penkits.nl\/fr\/wp-json\/wp\/v2\/comments?post=86764"}],"wp:featuredmedia":[{"embeddable":true,"href":"https:\/\/houtdraaiwerken-penkits.nl\/fr\/wp-json\/wp\/v2\/media\/57427"}],"wp:attachment":[{"href":"https:\/\/houtdraaiwerken-penkits.nl\/fr\/wp-json\/wp\/v2\/media?parent=86764"}],"wp:term":[{"taxonomy":"product_brand","embeddable":true,"href":"https:\/\/houtdraaiwerken-penkits.nl\/fr\/wp-json\/wp\/v2\/product_brand?post=86764"},{"taxonomy":"product_cat","embeddable":true,"href":"https:\/\/houtdraaiwerken-penkits.nl\/fr\/wp-json\/wp\/v2\/product_cat?post=86764"},{"taxonomy":"product_tag","embeddable":true,"href":"https:\/\/houtdraaiwerken-penkits.nl\/fr\/wp-json\/wp\/v2\/product_tag?post=86764"}],"curies":[{"name":"wp","href":"https:\/\/api.w.org\/{rel}","templated":true}]}}