{"id":86785,"date":"2021-08-27T09:14:28","date_gmt":"2021-08-27T07:14:28","guid":{"rendered":"https:\/\/houtdraaiwerken-penkits.nl\/shop\/non class\u00e9\/shellawax-250ml\/"},"modified":"2026-03-15T20:30:11","modified_gmt":"2026-03-15T19:30:11","slug":"shellawax-250ml","status":"publish","type":"product","link":"https:\/\/houtdraaiwerken-penkits.nl\/fr\/shop\/papier-de-verre-colle-et-finition\/shellawax-fr\/shellawax-250ml\/","title":{"rendered":"Shellawax 250ml"},"content":{"rendered":"<p align=\"left\">Shellawax est un produit de finition \u00ab\u00a0infaillible\u00a0\u00bb, en une seule couche, sp\u00e9cialement con\u00e7u pour les tours. C&rsquo;est (\u00e0 notre connaissance) le produit le plus rapide et le plus facile \u00e0 utiliser sur le march\u00e9 qui donne instantan\u00e9ment une belle brillance sans pr\u00e9c\u00e9dent \u00e0 tous les objets en bois. Il s&rsquo;utilise avec le tour allum\u00e9 et fait corps avec le bois sous l&rsquo;effet de la friction et de la chaleur. Elle s\u00e8che instantan\u00e9ment, ce qui permet de s&rsquo;attaquer imm\u00e9diatement \u00e0 la pi\u00e8ce. Shellawax est \u00e9galement assez r\u00e9sistante \u00e0 l&rsquo;eau, \u00e0 l&rsquo;alcool et \u00e0 d&rsquo;autres substances similaires apr\u00e8s un durcissement complet (sur une p\u00e9riode d&rsquo;environ 3 semaines). Comme Shellawax p\u00e9n\u00e8tre profond\u00e9ment dans le bois et forme un tout avec lui, il ne s&rsquo;agit pas d&rsquo;une couche de finition sur le bois, mais d&rsquo;une finition permanente dans le bois, ce qui rend la finition Shellawax beaucoup plus difficile \u00e0 endommager que, par exemple, une couche de laque traditionnelle.     <\/p>\n<p align=\"left\"><b>En quoi consiste-t-il ?<\/b><\/p>\n<p align=\"left\">Shellawax, comme son nom l&rsquo;indique, est une combinaison de gomme-laque (dure) et de diff\u00e9rents types de cire, dont la cire de carnauba et la cire d&rsquo;abeille. Il s&rsquo;agit d&rsquo;un produit sp\u00e9cialement con\u00e7u pour la finition d&rsquo;objets tourn\u00e9s et sculpt\u00e9s en bois, en plastique et en pierre, l&rsquo;application principale \u00e9tant une finition rapide et tr\u00e8s belle pour le tournage du bois. <\/p>\n<p align=\"left\"><b>Comment cela fonctionne-t-il ?<\/b><\/p>\n<p align=\"left\">Le durcisseur contenu dans le produit est activ\u00e9 par la chaleur d\u00e9gag\u00e9e lors de l&rsquo;application de la Shellawax. Une fois que la surface est s\u00e8che (presque imm\u00e9diatement), un processus commence par lequel la cire Shellawax se lie au bois et fait durcir la finition. Bien que le processus de durcissement complet prenne environ 3 semaines, les produits peuvent \u00eatre manipul\u00e9s imm\u00e9diatement apr\u00e8s l&rsquo;application sans risque de ralentir le processus de durcissement. L&rsquo;alcool, l&rsquo;eau et d&rsquo;autres produits similaires peuvent perturber le processus, c&rsquo;est pourquoi les pi\u00e8ces tourn\u00e9es soigneusement finies ne doivent absolument pas entrer en contact avec ces produits au cours des premi\u00e8res semaines.   <\/p>\n<p>&nbsp;<\/p>\n<p>[Shellawax est un produit de finition \u00ab\u00a0infaillible\u00a0\u00bb, en une seule couche, qui a \u00e9t\u00e9 sp\u00e9cialement con\u00e7u pour \u00eatre utilis\u00e9 sur le tour. C&rsquo;est (\u00e0 notre connaissance) le produit le plus rapide et le plus facile \u00e0 utiliser sur le march\u00e9 qui donne imm\u00e9diatement un beau brillant sans pr\u00e9c\u00e9dent \u00e0 tous les objets en bois. Il s&rsquo;utilise avec le tour allum\u00e9 et forme une unit\u00e9 avec le bois gr\u00e2ce \u00e0 la friction et \u00e0 la chaleur. Il s\u00e8che imm\u00e9diatement, de sorte que la pi\u00e8ce peut \u00e9galement \u00eatre manipul\u00e9e imm\u00e9diatement. Apr\u00e8s durcissement complet (pendant une p\u00e9riode d&rsquo;environ 3 semaines), Shellawax est \u00e9galement assez r\u00e9sistante \u00e0 l&rsquo;eau, \u00e0 l&rsquo;alcool et \u00e0 d&rsquo;autres substances similaires. Comme la Shellawax p\u00e9n\u00e8tre profond\u00e9ment dans le bois et forme un tout avec lui, il ne s&rsquo;agit pas d&rsquo;une couche de finition qui repose sur le bois, mais d&rsquo;une finition permanente dans le bois, ce qui rend la finition Shellawax beaucoup plus difficile \u00e0 endommager que, par exemple, une couche de laque traditionnelle.     <\/p>\n<p>En quoi consiste-t-il ?<\/p>\n<p>Shellawax est, comme son nom l&rsquo;indique, une combinaison de gomme-laque (dure) et de diff\u00e9rents types de cire, dont la cire de carnauba et la cire d&rsquo;abeille. Il s&rsquo;agit d&rsquo;un produit sp\u00e9cialement con\u00e7u pour la finition d&rsquo;objets tourn\u00e9s et coup\u00e9s en bois, en plastique et en pierre, dont l&rsquo;application principale est la finition rapide et tr\u00e8s soign\u00e9e du tournage du bois. <\/p>\n<p>Comment cela fonctionne-t-il ?<\/p>\n<p>Le durcisseur contenu dans le produit est activ\u00e9 par la chaleur d\u00e9gag\u00e9e lors de l&rsquo;application de Shellawax. Une fois que la surface est s\u00e8che (presque instantan\u00e9ment), un processus commence qui permet \u00e0 la Shellawax de se lier au bois et de durcir la finition. Bien que le processus de durcissement complet prenne environ 3 semaines, les produits peuvent \u00eatre utilis\u00e9s imm\u00e9diatement apr\u00e8s l&rsquo;application sans risque de retarder le processus de durcissement. L&rsquo;alcool, l&rsquo;eau et d&rsquo;autres produits similaires peuvent perturber le processus, c&rsquo;est pourquoi il ne faut pas que des travaux de tournage soigneusement termin\u00e9s entrent en contact avec le produit pendant les premi\u00e8res semaines.   <\/p>\n<p>[:de]Shellawax est un produit de v\u00e9rification \u00ab\u00a0narrensicheres\u00a0\u00bb et historique, qui a \u00e9t\u00e9 sp\u00e9cialement con\u00e7u pour \u00eatre utilis\u00e9 sur les machines \u00e0 laver. Il s&rsquo;agit (selon nos connaissances) du produit le plus rapide et le plus simple \u00e0 utiliser sur le march\u00e9, qui conf\u00e8re \u00e0 tous les objets en verre un \u00e9clat exceptionnel. Il peut \u00eatre utilis\u00e9 avec une machine \u00e0 laver manuelle et s&rsquo;associe parfaitement au bois gr\u00e2ce \u00e0 sa forme et \u00e0 sa couleur. Il s&rsquo;\u00e9crase imm\u00e9diatement, de sorte que l&rsquo;ouvrage puisse \u00eatre \u00e9galement d\u00e9mont\u00e9 imm\u00e9diatement. Apr\u00e8s une application compl\u00e8te (sur une p\u00e9riode d&rsquo;environ 3 semaines), Shellawax est \u00e9galement tr\u00e8s efficace contre l&rsquo;eau, les alcools et les autres substances. Si la cire de Shellawax s&rsquo;infiltre dans le bois et s&rsquo;y transforme, il n&rsquo;y a pas de trace de d\u00e9coloration sur le bois, mais plut\u00f4t une trace plus durable dans le bois, ce qui fait qu&rsquo;une couche de cire de Shellawax est beaucoup plus difficile \u00e0 enlever, comme par exemple une trace d&rsquo;usure herm\u00e9tique.     <\/p>\n<p>Comment cela se passe-t-il ?<\/p>\n<p>Shellawax est, comme son nom l&rsquo;indique, une combinaison de Schellack (hartem) et de diff\u00e9rents types de Wachsarten, notamment Carnauba et Bienenwachs. Il s&rsquo;agit d&rsquo;un produit sp\u00e9cialement con\u00e7u pour le traitement final des produits en bois, en plastique et en acier, et dont l&rsquo;utilisation principale est le traitement final rapide et de qualit\u00e9 des produits en bois. <\/p>\n<p>Comment cela fonctionne-t-il ?<\/p>\n<p>L&rsquo;h\u00eatre contenu dans le produit a \u00e9t\u00e9 rendu actif par l&rsquo;utilisation de la cire de Shellawax. Lorsque la couche sup\u00e9rieure est tass\u00e9e (rapidement), un processus commence, qui permet \u00e0 la cire de Shellawax de se lier au bois et \u00e0 la couche sup\u00e9rieure de se d\u00e9tacher. Si le processus d&rsquo;extraction complet dure environ 3 semaines, les produits peuvent \u00eatre imm\u00e9diatement mis sous tension apr\u00e8s la livraison, sans qu&rsquo;il y ait de cons\u00e9quences dues \u00e0 une diminution du processus d&rsquo;extraction. L&rsquo;alcool, l&rsquo;eau et d&rsquo;autres substances peuvent entraver le processus, ce qui fait que, dans les premiers mois, les pr\u00e9parations solides ne peuvent pas \u00eatre mises en \u0153uvre.   <\/p>\n","protected":false},"excerpt":{"rendered":"<p>Shellawax 250ml<\/p>\n","protected":false},"featured_media":57415,"comment_status":"open","ping_status":"closed","template":"","meta":{"_et_pb_use_builder":"","_et_pb_old_content":"","_et_gb_content_width":""},"product_brand":[],"product_cat":[7706],"product_tag":[6103,7382],"class_list":{"0":"post-86785","1":"product","2":"type-product","3":"status-publish","4":"has-post-thumbnail","6":"product_cat-shellawax-fr","7":"product_tag-huile-aussie-250ml","8":"product_tag-shellawax-liquide","10":"first","11":"instock","12":"taxable","13":"shipping-taxable","14":"purchasable","15":"product-type-simple"},"_links":{"self":[{"href":"https:\/\/houtdraaiwerken-penkits.nl\/fr\/wp-json\/wp\/v2\/product\/86785","targetHints":{"allow":["GET"]}}],"collection":[{"href":"https:\/\/houtdraaiwerken-penkits.nl\/fr\/wp-json\/wp\/v2\/product"}],"about":[{"href":"https:\/\/houtdraaiwerken-penkits.nl\/fr\/wp-json\/wp\/v2\/types\/product"}],"replies":[{"embeddable":true,"href":"https:\/\/houtdraaiwerken-penkits.nl\/fr\/wp-json\/wp\/v2\/comments?post=86785"}],"wp:featuredmedia":[{"embeddable":true,"href":"https:\/\/houtdraaiwerken-penkits.nl\/fr\/wp-json\/wp\/v2\/media\/57415"}],"wp:attachment":[{"href":"https:\/\/houtdraaiwerken-penkits.nl\/fr\/wp-json\/wp\/v2\/media?parent=86785"}],"wp:term":[{"taxonomy":"product_brand","embeddable":true,"href":"https:\/\/houtdraaiwerken-penkits.nl\/fr\/wp-json\/wp\/v2\/product_brand?post=86785"},{"taxonomy":"product_cat","embeddable":true,"href":"https:\/\/houtdraaiwerken-penkits.nl\/fr\/wp-json\/wp\/v2\/product_cat?post=86785"},{"taxonomy":"product_tag","embeddable":true,"href":"https:\/\/houtdraaiwerken-penkits.nl\/fr\/wp-json\/wp\/v2\/product_tag?post=86785"}],"curies":[{"name":"wp","href":"https:\/\/api.w.org\/{rel}","templated":true}]}}