{"id":86827,"date":"2021-07-05T14:24:10","date_gmt":"2021-07-05T12:24:10","guid":{"rendered":"https:\/\/houtdraaiwerken-penkits.nl\/shop\/non class\u00e9\/rotur-set-colleted-pen-mandrel-deluxe-mandrel-support-deluxe-mk1\/"},"modified":"2021-07-05T14:24:10","modified_gmt":"2021-07-05T12:24:10","slug":"rotur-set-colleted-pen-mandrel-deluxe-mandrel-support-deluxe-mk1","status":"publish","type":"product","link":"https:\/\/houtdraaiwerken-penkits.nl\/fr\/shop\/outils\/mandrins-et-accessoires\/rotur-set-colleted-pen-mandrel-deluxe-mandrel-support-deluxe-mk1\/","title":{"rendered":"Rotur Set Colleted Pen Mandrel Deluxe + mandrel support Deluxe MK1"},"content":{"rendered":"<p>Le nouveau mandrin \u00e0 stylo coll\u00e9 est con\u00e7u au Royaume-Uni pour les tourneurs de stylos professionnels. Il est tr\u00e8s similaire au mandrin universel pour stylos, mais dans ce mandrin, l&rsquo;arbre se fixe avec pr\u00e9cision en serrant la t\u00eate contre la pince de serrage du porte-mandrin, ce qui permet de cacher la pince de serrage \u00e0 l&rsquo;abri de la poussi\u00e8re. Ce mandrin est donc d&rsquo;une tr\u00e8s grande qualit\u00e9.<br \/>\nLe support de mandrin Deluxe est \u00e9quip\u00e9 de 2 roulements \u00e9tanches, ce qui lui permet de tourner encore mieux et de r\u00e9duire les vibrations.  <\/p>\n<p>Ce mandrin et ce support de mandrin ont une prise MK1. La longueur de l&rsquo;arbre est r\u00e9glable. <\/p>\n<p>Contenu :<br \/>\n1x porte-mandrin MK1<br \/>\n1x arbre avec diam\u00e8tre 6,2 mm<br \/>\n1x cl\u00e9 \u00e0 douille<br \/>\n1x cl\u00e9 de blocage<br \/>\n3x entretoises standard 7 mm<br \/>\n1x support de mandrin MK1 Le luxe[:en]Le nouveau mandrin \u00e0 stylo coll\u00e9 est con\u00e7u au Royaume-Uni pour les tourneurs de stylos professionnels. Il est tr\u00e8s similaire au mandrin universel, mais avec ce mandrin, l&rsquo;arbre se fixe pr\u00e9cis\u00e9ment en serrant la t\u00eate contre la pince de serrage du porte-mandrin, ce qui permet de cacher la pince de serrage \u00e0 l&rsquo;abri de la poussi\u00e8re. Ce mandrin est donc d&rsquo;une tr\u00e8s grande qualit\u00e9.<br \/>\nLe support de mandrin Deluxe est \u00e9quip\u00e9 de 2 roulements \u00e9tanches afin d&rsquo;am\u00e9liorer sa rotation et de r\u00e9duire les vibrations.  <\/p>\n<p>Ce mandrin et ce support de mandrin ont un enregistrement MK1. La longueur de la tige est r\u00e9glable. <\/p>\n<p>Contenu :<br \/>\n1x porte-mandrin MK1<br \/>\n1x arbre avec diam\u00e8tre 6,2 mm<br \/>\n1x tendeur<br \/>\n1x cl\u00e9 de s\u00e9curit\u00e9<br \/>\n3x douilles d&rsquo;\u00e9cartement standard 7 mm<br \/>\n1x support de mandrin MK1 De luxe[:de]Der neue Colleted Pen Mandrel wurde in Gro\u00dfbritannien f\u00fcr professionelle Stiftdreher entwickelt. Il s&rsquo;agit d&rsquo;un mandrin universel, mais avec ce mandrin, l&rsquo;angle d&rsquo;attaque de l&rsquo;extr\u00e9mit\u00e9 du stylo par rapport \u00e0 l&rsquo;extr\u00e9mit\u00e9 de l&rsquo;h\u00e9lice de l&rsquo;appareil est tr\u00e8s diff\u00e9rent, ce qui fait que l&rsquo;extr\u00e9mit\u00e9 de l&rsquo;h\u00e9lice est tr\u00e8s r\u00e9sistante \u00e0 l&rsquo;usure. Dieser Dorn ist daher superhigh Qualit\u00e4t.<br \/>\nDer Mandrel support Deluxe hat 2 abgedichtete Lager, damit er sich noch better dreht und somit weniger Vibrationen verursacht.  <\/p>\n<p>Cette t\u00eate et ce pied de biche ont une apparence de MK1. L&rsquo;arbre est dans la longueur verstellaire. <\/p>\n<p>Inhalt :<br \/>\n1x MK1 Mandrel<br \/>\n1x Schaft mit Durchmesser 6,2 mm<br \/>\n1x Schraubenschl\u00fcssel<br \/>\n1x Sicherheitsschl\u00fcssel<br \/>\n3x Standard Distanzh\u00fclsen 7 mm<br \/>\n1x MK1 Mandrel support De luxe[ :]<\/p>\n","protected":false},"excerpt":{"rendered":"<p>Le nouveau mandrin \u00e0 stylo coll\u00e9 est con\u00e7u au Royaume-Uni pour les tourneurs de stylos professionnels. Il est tr\u00e8s similaire au mandrin universel pour stylos, mais dans ce mandrin, l&rsquo;arbre se fixe avec pr\u00e9cision en serrant la t\u00eate contre la pince de serrage du porte-mandrin, ce qui permet de cacher la pince de serrage \u00e0 [&hellip;]<\/p>\n","protected":false},"featured_media":57091,"comment_status":"closed","ping_status":"closed","template":"","meta":{"_et_pb_use_builder":"","_et_pb_old_content":"","_et_gb_content_width":""},"product_brand":[],"product_cat":[3131],"product_tag":[5180,7732,5182],"class_list":{"0":"post-86827","1":"product","2":"type-product","3":"status-publish","4":"has-post-thumbnail","6":"product_cat-mandrins-et-accessoires","7":"product_tag-rotur-mandrin-pour-stylo-colle-deluxe-mk2","8":"product_tag-rotur-set-colleted-pen-mandrel-deluxe-mandrel-support-deluxe-mk1-fr","9":"product_tag-rotur-set-colleted-pen-mandrel-deluxe-mandrel-support-deluxe-mk2-fr","11":"first","12":"outofstock","13":"taxable","14":"shipping-taxable","15":"purchasable","16":"product-type-simple"},"_links":{"self":[{"href":"https:\/\/houtdraaiwerken-penkits.nl\/fr\/wp-json\/wp\/v2\/product\/86827","targetHints":{"allow":["GET"]}}],"collection":[{"href":"https:\/\/houtdraaiwerken-penkits.nl\/fr\/wp-json\/wp\/v2\/product"}],"about":[{"href":"https:\/\/houtdraaiwerken-penkits.nl\/fr\/wp-json\/wp\/v2\/types\/product"}],"replies":[{"embeddable":true,"href":"https:\/\/houtdraaiwerken-penkits.nl\/fr\/wp-json\/wp\/v2\/comments?post=86827"}],"wp:featuredmedia":[{"embeddable":true,"href":"https:\/\/houtdraaiwerken-penkits.nl\/fr\/wp-json\/wp\/v2\/media\/57091"}],"wp:attachment":[{"href":"https:\/\/houtdraaiwerken-penkits.nl\/fr\/wp-json\/wp\/v2\/media?parent=86827"}],"wp:term":[{"taxonomy":"product_brand","embeddable":true,"href":"https:\/\/houtdraaiwerken-penkits.nl\/fr\/wp-json\/wp\/v2\/product_brand?post=86827"},{"taxonomy":"product_cat","embeddable":true,"href":"https:\/\/houtdraaiwerken-penkits.nl\/fr\/wp-json\/wp\/v2\/product_cat?post=86827"},{"taxonomy":"product_tag","embeddable":true,"href":"https:\/\/houtdraaiwerken-penkits.nl\/fr\/wp-json\/wp\/v2\/product_tag?post=86827"}],"curies":[{"name":"wp","href":"https:\/\/api.w.org\/{rel}","templated":true}]}}