{"id":86853,"date":"2022-06-02T15:36:29","date_gmt":"2022-06-02T13:36:29","guid":{"rendered":"https:\/\/houtdraaiwerken-penkits.nl\/shop\/non class\u00e9\/eee-ultrashine-250ml\/"},"modified":"2025-11-26T15:36:44","modified_gmt":"2025-11-26T14:36:44","slug":"eee-ultrashine-250ml","status":"publish","type":"product","link":"https:\/\/houtdraaiwerken-penkits.nl\/fr\/shop\/papier-de-verre-colle-et-finition\/eee-ultrashine-250ml-fr\/eee-ultrashine-250ml\/","title":{"rendered":"EEE-Ultrashine 250ml"},"content":{"rendered":"<p>[EEE-Ultrashine est un polish sp\u00e9cialement con\u00e7u pour \u00eatre utilis\u00e9 en combinaison avec les produits Shellawax, mais il a \u00e9galement un large \u00e9ventail d&rsquo;applications en dehors de ces derniers. Lorsqu&rsquo;il est utilis\u00e9 en combinaison avec les produits Shellawax, il permet non seulement d&rsquo;obtenir une surface magnifiquement lisse, mais aussi d&rsquo;\u00e9conomiser beaucoup de pon\u00e7age. La m\u00e9thode de travail est la suivante :<br \/>\nPoncez la pi\u00e8ce \u00e0 un minimum de 400 grains<br \/>\nAppliquez un peu d&rsquo;EEE-Ultrashine sur un chiffon et traitez-le comme s&rsquo;il s&rsquo;agissait d&rsquo;un papier de verre ordinaire<br \/>\n.<br \/>\nL&rsquo;effet obtenu en une seule fois est \u00e9gal au r\u00e9sultat que vous obtiendriez si vous ponciez manuellement \u00e0 2000 grains. Si vous poncez manuellement \u00e0 1500 au lieu de 400 et que vous appliquez ensuite EEE-Ultrashine, vous obtiendrez le m\u00eame effet en une seule fois que si vous poncez \u00e0 4000.<br \/>\nSi le pon\u00e7age ainsi obtenu est satisfaisant, finissez la pi\u00e8ce de pr\u00e9f\u00e9rence avec l&rsquo;un des produits Shellawax pour obtenir une belle brillance durable.<br \/>\nEn utilisant EEE-Ultrashine, vous obtenez les 3 effets suivants :<br \/>\nLa poudre de pon\u00e7age pr\u00e9sente dans la p\u00e2te d\u00e9cape en quelque sorte le sommet des montagnes des rayures de pon\u00e7age du grain 400 (ou du grain plus fin que vous avez utilis\u00e9 en dernier). C&rsquo;est donc le m\u00eame effet que vous obtiendriez en pon\u00e7ant manuellement plus finement.<br \/>\nAu cours du processus de pon\u00e7age, une sorte de \u00ab\u00a0p\u00e2te\u00a0\u00bb est cr\u00e9\u00e9e, qui est un m\u00e9lange des ingr\u00e9dients EEE-Ultrashine et de la poussi\u00e8re de pon\u00e7age cr\u00e9\u00e9e au point 1. Cette \u00ab\u00a0p\u00e2te\u00a0\u00bb p\u00e9n\u00e8tre automatiquement dans les pores et remplit \u00e9galement les creux des rayures de pon\u00e7age. En plus de l&rsquo;\u00e9limination du sommet des rayures comme d\u00e9crit au point 1, les vall\u00e9es entre les rayures sont \u00e9galement remplies. Cet effet est celui que l&rsquo;on obtient dans le processus de polissage traditionnel en \u00ab\u00a0soufflant\u00a0\u00bb.<br \/>\nLe dernier effet obtenu avec EEE-Ultrashine est que la pi\u00e8ce, en raison de la pr\u00e9sence d&rsquo;un peu de cire dans la p\u00e2te, commence d\u00e9j\u00e0 \u00e0 briller un peu. La brillance elle-m\u00eame n&rsquo;est pas importante pendant la pr\u00e9paration, mais l&rsquo;effet est que s&rsquo;il y a encore des rayures sur la pi\u00e8ce que vous n&rsquo;aviez pas remarqu\u00e9es auparavant, elles deviendront visibles maintenant et vous pourrez les enlever avant d&rsquo;appliquer la couche de finition proprement dite. Il n&rsquo;y aura donc pas de surprises par la suite !<br \/>\nOutre la pr\u00e9paration des pi\u00e8ces en bois pour une finition \u00e0 la Shellawax<br \/>\n, l&rsquo;EEE-Ultrashine peut \u00e9galement \u00eatre utilis\u00e9e pour, entre autres choses :      <\/p>\n<p>Polissage de pi\u00e8ces tourn\u00e9es en plastique (p. ex. \u00e9pingles). Dans ce cas, l&rsquo;EEE-Ultrashine forme la finition finale et aucun autre traitement n&rsquo;est n\u00e9cessaire. <\/p>\n<p>Polissage (tournage) de l&rsquo;os.<\/p>\n<p>Polir (tourner) la pierre.<\/p>\n<p>Polissage des coquillages.<\/p>\n<p>Polissage de divers m\u00e9taux.<\/p>\n<p>Polissage des noix de Tagua.<\/p>\n<p>Nettoyage de toutes sortes de plastiques sales comme le Trespa, les fen\u00eatres en plastique, les caravanes, le polyester, les fascias et autres.<\/p>\n<p>Polissage des vernis et autres finitions de peinture.<\/p>\n<p>Optimisation du polissage.<\/p>\n<p>Dans tous les cas, essayez d&rsquo;abord un morceau sur une zone peu visible pour voir si votre application donne bien le r\u00e9sultat souhait\u00e9 !<\/p>\n<p>Pour plus d&rsquo;informations sur ce produit, veuillez consulter le <a href=\"http:\/\/www.ubeaut.com.au\/ubhome.htm\" target=\"_blank\" rel=\"noopener noreferrer\">site web du fabricant U-Beaut enterprises <\/a>[:en]EEE-Ultrashine est un agent de polissage qui a \u00e9t\u00e9 sp\u00e9cialement d\u00e9velopp\u00e9 pour \u00eatre utilis\u00e9 en combinaison avec les produits Shellawax, mais qui a \u00e9galement un grand nombre d&rsquo;applications en dehors de ces produits. Lorsqu&rsquo;il est utilis\u00e9 en combinaison avec les produits Shellawax, il permet non seulement d&rsquo;obtenir une surface magnifiquement lisse, mais aussi d&rsquo;\u00e9conomiser beaucoup de temps de pon\u00e7age. La m\u00e9thode de travail est la suivante :<br \/>\nPoncez la pi\u00e8ce au moins au grain 400<br \/>\nAppliquez un peu d&rsquo;EEE-Ultrashine et traitez-le comme s&rsquo;il s&rsquo;agissait d&rsquo;un papier de verre normal<br \/>\n.<br \/>\nL&rsquo;effet obtenu en une seule fois est le m\u00eame que celui que vous obtiendriez si vous poncez manuellement au grain 2000. Si vous poncez manuellement au grain 1500 au lieu du grain 400 et que vous appliquez ensuite EEE-Ultrashine, vous obtiendrez le m\u00eame effet en une seule fois que si vous poncez au grain 4000<br \/>\nSi le travail de pon\u00e7age ainsi r\u00e9alis\u00e9 est satisfaisant, il est pr\u00e9f\u00e9rable de finir la pi\u00e8ce avec l&rsquo;un des produits Shellawax pour obtenir une belle brillance durable.<br \/>\nEn utilisant EEE-Ultrashine, vous obtenez les 3 effets suivants :<br \/>\nLa poudre abrasive pr\u00e9sente dans la p\u00e2te va, en quelque sorte, abraser les sommets des montagnes de rayures de pon\u00e7age au grain 400 (ou au grain plus fin que vous avez utilis\u00e9 en dernier lieu). C&rsquo;est donc le m\u00eame effet que vous obtiendriez en pon\u00e7ant plus finement \u00e0 la main.<br \/>\nLors du pon\u00e7age, une sorte de \u00ab\u00a0boue\u00a0\u00bb est cr\u00e9\u00e9e, qui est un m\u00e9lange des ingr\u00e9dients de l&rsquo;EEE-Ultrashine et de la poussi\u00e8re de pon\u00e7age fabriqu\u00e9e au point 1. Cette \u00ab\u00a0boue\u00a0\u00bb se retrouve automatiquement dans les pores, de sorte que les creux des rayures de pon\u00e7age sont \u00e9galement remplis. En outre, comme d\u00e9crit au point 1, les sommets des montagnes sont \u00e9galement enlev\u00e9s et les vall\u00e9es interm\u00e9diaires sont \u00e9galement remplies. Cet effet est celui qui est obtenu dans le processus de polissage traditionnel au moyen du \u00ab\u00a0pumming\u00a0\u00bb.<br \/>\nLe dernier effet obtenu avec EEE-Ultrashine est que la pi\u00e8ce commence \u00e0 briller un peu en raison de la pr\u00e9sence d&rsquo;un peu de cire dans la p\u00e2te. La brillance en soi n&rsquo;est pas importante lors de la pr\u00e9paration, mais l&rsquo;effet est que si la pi\u00e8ce pr\u00e9sente encore des rayures que vous n&rsquo;aviez pas remarqu\u00e9es auparavant, elles deviendront au moins visibles afin que vous puissiez encore les voir avant d&rsquo;appliquer la couche de finition proprement dite. Il n&rsquo;y a donc pas de surprises par la suite !<br \/>\nOutre la pr\u00e9paration des pi\u00e8ces en bois pour une finition \u00e0 la Shellawax<br \/>\n, l&rsquo;EEE-Ultrashine peut \u00e9galement \u00eatre utilis\u00e9e pour :   <\/p>\n<p>Polissage des tours en plastique (par exemple les stylos). Dans ce cas, l&rsquo;EEE-Ultrashine forme la finition finale et aucun traitement suppl\u00e9mentaire n&rsquo;est n\u00e9cessaire. <\/p>\n<p>Polissage (tournage) de l&rsquo;os.<\/p>\n<p>Polir (tourner) la pierre.<\/p>\n<p>le polissage des coquillages.<\/p>\n<p>Polissage de divers m\u00e9taux.<\/p>\n<p>Polissage des noix de Tagua.<\/p>\n<p>Nettoyage de toutes sortes de plastiques sales comme le Trespa, les fen\u00eatres en plastique, les caravanes, le polyester, les planches de rive, etc.<\/p>\n<p>Polissage des vernis et autres laques.<\/p>\n<p>Optimisation du travail de polissage.<\/p>\n<p>Dans tous les cas, essayez d&rsquo;abord un morceau dans un endroit peu visible pour voir si votre application donne le r\u00e9sultat souhait\u00e9 ![:de]EEE-Ultrashine ist ein Poliermittel, das speziell f\u00fcr den Einsatz in Kombination mit Shellawax-Produkten entwickelt wurde, aber dar\u00fcber hinaus eine Vielzahl von Anwendungen findet. En combinaison avec les produits Shellawax, on obtient non seulement une surface tr\u00e8s brillante, mais ce produit est \u00e9galement tr\u00e8s efficace. La marche \u00e0 suivre est la suivante :<br \/>\nSchleifen Sie das Werkst\u00fcck auf mindestens K\u00f6rnung 400<br \/>\nTragen Sie etwas EEE-Ultrashine auf und verarbeiten Sie es wie normal<br \/>\nSandpapier.<br \/>\nL&rsquo;effet, que l&rsquo;on obtient en une seule fois, est le r\u00e9sultat que l&rsquo;on peut obtenir si l&rsquo;on se sert manuellement d&rsquo;une fourchette de 2000. Si vous utilisez la poign\u00e9e de la position 1500 au lieu de la position 400 et que vous utilisez ensuite la corbeille EEE, vous obtiendrez le m\u00eame effet que si vous utilisiez la position 4000.<br \/>\nLe travail d&rsquo;\u00e9criture ainsi effectu\u00e9 est satisfaisant, vous devez traiter l&rsquo;objet avec l&rsquo;un des produits Shellawax afin d&rsquo;obtenir un effet brillant et durable.<br \/>\nDurch die Verwendung von EEE-Ultrashine erzielen Sie folgende 3 Wirkungen :<br \/>\nDas in der Paste enthaltene Scheuerpulver schleift sozusagen die Gipfel der Berge der Schleifkratzer der K\u00f6rnung 400 (oder der zuletzt verwendeten feineren K\u00f6rnung). Dies ist also derselbe Effekt, den Sie durch feineres Schleifen von Hand erzielen w\u00fcrden.<br \/>\nBeim Schleifen entsteht eine Art \u00ab\u00a0Schlamm\u00a0\u00bb, der eine Mischung aus den EEE-Ultrashine-Zutaten und dem unter Punkt 1 hergestellten Schleifstaub ist. Ce \u00ab\u00a0Schlamm\u00a0\u00bb se d\u00e9pose automatiquement dans les pores, \u00e0 condition que tous les utilisateurs de l&rsquo;appareil en soient inform\u00e9s. En outre, comme indiqu\u00e9 au point 1, les bords de la berge sont \u00e9galement ab\u00eem\u00e9s, ce qui permet \u00e0 l&rsquo;utilisateur d&rsquo;\u00eatre \u00e9galement touch\u00e9. Dieser Effekt ist der Effekt, der im traditionellen Polierverfahren durch \u00ab\u00a0Pumpen\u00a0\u00bb erzielt wird.<br \/>\nDer letzte Effekt, den Sie mit EEE-Ultrashine erzielen, ist, dass das Werkst\u00fcck durch etwas Wachs in der Paste leicht zu gl\u00e4nzen beginnt. Der Glanz an sich ist bei der Vorbereitung nicht wichtig, aber der Effekt ist, dass wenn noch Kratzer im Werkst\u00fcck vorhanden sind, die Ihnen vorher nicht aufgefallen sind, diese jetzt zumindest sichtbar werden, so dass Sie sie noch sehen k\u00f6nnen eigentlicher Endanstrich. En outre, il n&rsquo;y a pas d&rsquo;alt\u00e9rations \u00e0 l&rsquo;int\u00e9rieur !<br \/>\nEn plus d&rsquo;am\u00e9liorer la finition \u00e0 la cire d&rsquo;abeille des pi\u00e8ces en bois (<br \/>\n), l&rsquo;EEE-Ultrashine peut \u00e9galement \u00eatre utilis\u00e9e pour les pi\u00e8ces en bois :       <\/p>\n<p>Polieren von Kunststoffdrehmaschinen (z. B. Stifte). Dans ce cas, l&rsquo;EEE-Ultrashine constitue une atteinte \u00e0 l&rsquo;int\u00e9grit\u00e9 et il n&rsquo;est pas n\u00e9cessaire de proc\u00e9der \u00e0 un traitement particulier. <\/p>\n<p>Poliren (Drehen) von Knochen.<\/p>\n<p>Poliren (Drehen) von Steinen.<\/p>\n<p>Polieren von Muscheln.<\/p>\n<p>Polieren verschiedener Metalle.<\/p>\n<p>Polieren von Tagua-N\u00fcssen.<\/p>\n<p>Remise en \u00e9tat de tous les types de mat\u00e9riaux endommag\u00e9s, tels que Trespa, Kunststofffenster, Wohnwagen, Polyester, Stirnbretter et dergleichen.<\/p>\n<p>Polierlack und andere Lackierungen.<\/p>\n<p>Optimisation des travaux de polissage.<\/p>\n<p>En tout \u00e9tat de cause, d\u00e9posez d&rsquo;ores et d\u00e9j\u00e0 une bo\u00eete \u00e0 un endroit inhabituel, afin de voir si votre application donne les r\u00e9sultats escompt\u00e9s [ :].<\/p>\n","protected":false},"excerpt":{"rendered":"<p>EEE-Ultrashine 250ml<\/p>\n","protected":false},"featured_media":63364,"comment_status":"open","ping_status":"closed","template":"","meta":{"_et_pb_use_builder":"","_et_pb_old_content":"","_et_gb_content_width":""},"product_brand":[],"product_cat":[7743],"product_tag":[7383,6103,7382],"class_list":{"0":"post-86853","1":"product","2":"type-product","3":"status-publish","4":"has-post-thumbnail","6":"product_cat-eee-ultrashine-250ml-fr","7":"product_tag-creme-shellawax-250ml","8":"product_tag-huile-aussie-250ml","9":"product_tag-shellawax-liquide","11":"first","12":"outofstock","13":"taxable","14":"shipping-taxable","15":"purchasable","16":"product-type-simple"},"_links":{"self":[{"href":"https:\/\/houtdraaiwerken-penkits.nl\/fr\/wp-json\/wp\/v2\/product\/86853","targetHints":{"allow":["GET"]}}],"collection":[{"href":"https:\/\/houtdraaiwerken-penkits.nl\/fr\/wp-json\/wp\/v2\/product"}],"about":[{"href":"https:\/\/houtdraaiwerken-penkits.nl\/fr\/wp-json\/wp\/v2\/types\/product"}],"replies":[{"embeddable":true,"href":"https:\/\/houtdraaiwerken-penkits.nl\/fr\/wp-json\/wp\/v2\/comments?post=86853"}],"wp:featuredmedia":[{"embeddable":true,"href":"https:\/\/houtdraaiwerken-penkits.nl\/fr\/wp-json\/wp\/v2\/media\/63364"}],"wp:attachment":[{"href":"https:\/\/houtdraaiwerken-penkits.nl\/fr\/wp-json\/wp\/v2\/media?parent=86853"}],"wp:term":[{"taxonomy":"product_brand","embeddable":true,"href":"https:\/\/houtdraaiwerken-penkits.nl\/fr\/wp-json\/wp\/v2\/product_brand?post=86853"},{"taxonomy":"product_cat","embeddable":true,"href":"https:\/\/houtdraaiwerken-penkits.nl\/fr\/wp-json\/wp\/v2\/product_cat?post=86853"},{"taxonomy":"product_tag","embeddable":true,"href":"https:\/\/houtdraaiwerken-penkits.nl\/fr\/wp-json\/wp\/v2\/product_tag?post=86853"}],"curies":[{"name":"wp","href":"https:\/\/api.w.org\/{rel}","templated":true}]}}