{"id":86901,"date":"2022-05-25T14:43:21","date_gmt":"2022-05-25T12:43:21","guid":{"rendered":"https:\/\/houtdraaiwerken-penkits.nl\/shop\/non class\u00e9\/kits-de-stylos-plume-anatolia\/"},"modified":"2026-03-10T07:09:26","modified_gmt":"2026-03-10T06:09:26","slug":"kits-de-stylos-plume-anatolia","status":"publish","type":"product","link":"https:\/\/houtdraaiwerken-penkits.nl\/fr\/shop\/kits-de-stylos\/kits-de-stylos-fabrique-a-taiwan\/kits-de-stylos-plume-anatolia\/kits-de-stylos-plume-anatolia\/","title":{"rendered":"Kits de stylos plume Anatolia"},"content":{"rendered":"<p>Mat\u00e9riel suppl\u00e9mentaire n\u00e9cessaire :<\/p>\n<p><a href=\"https:\/\/www.houtdraaiwerken-penkits.nl\/shop\/busjes-sets\/bu2006\/bu2006\/\">BU2006<\/a> Bagues<\/p>\n<p><a href=\"https:\/\/www.houtdraaiwerken-penkits.nl\/shop\/gereedschap-en-boren\/boren\/db125\/db125\/\">DB125<\/a> Foret de 12,5 mm<\/p>\n<p><a href=\"https:\/\/www.houtdraaiwerken-penkits.nl\/shop\/gereedschap-en-boren\/boren\/rsdb1332\/rsdb1332\/\">RSDB13\/32<\/a> Foret<\/p>\n<p><a href=\"https:\/\/www.houtdraaiwerken-penkits.nl\/shop\/gereedschap-en-boren\/gereedschap\/pm014pen-mills-hss-dia-9-15mm-l9-5cm-for-10mm-pen-tubes\/\">PM014<\/a> et <a href=\"https:\/\/www.houtdraaiwerken-penkits.nl\/shop\/gereedschap-en-boren\/gereedschap\/pm116pen-mills-hss-dia-11-63mm-l9-5cmfor-12-35mm-pen-tubes\/\">PM116<\/a> Fraise \u00e0 stylo<\/p>\n","protected":false},"excerpt":{"rendered":"<p>Le kit stylo Anatolia est un kit stylo simple mais au design \u00e9l\u00e9gant qui offre style, \u00e9quilibre, fonction et, surtout, qualit\u00e9 sup\u00e9rieure. Le stylo-plume Anatolia est dot\u00e9 d&rsquo;une pointe fine de haute qualit\u00e9 et d&rsquo;un convertisseur d&rsquo;encre et d&rsquo;une cartouche standard. \u00c9galement disponible en trousse de stylo \u00e0 bille  <\/p>\n<p>Le stylo plume est livr\u00e9 avec un convertisseur d&rsquo;encre et une cartouche en standard.<\/p>\n<p>Fabriqu\u00e9 \u00e0 Ta\u00efwan<\/p>\n","protected":false},"featured_media":63188,"comment_status":"open","ping_status":"closed","template":"","meta":{"_et_pb_use_builder":"","_et_pb_old_content":"","_et_gb_content_width":""},"product_brand":[],"product_cat":[5144,7772,3656],"product_tag":[2212,6463],"class_list":{"0":"post-86901","1":"product","2":"type-product","3":"status-publish","4":"has-post-thumbnail","6":"product_cat-kits-de-stylos-fabrique-a-taiwan","7":"product_cat-kits-de-stylos-plume-anatolia","8":"product_cat-kits-stylo-plume-et-roller","9":"product_tag-kits-de-stylos","10":"product_tag-kits-de-stylos-plume-rollerball-jr-gentleman-i-ameliores","12":"first","13":"instock","14":"taxable","15":"shipping-taxable","16":"purchasable","17":"product-type-variable"},"_links":{"self":[{"href":"https:\/\/houtdraaiwerken-penkits.nl\/fr\/wp-json\/wp\/v2\/product\/86901","targetHints":{"allow":["GET"]}}],"collection":[{"href":"https:\/\/houtdraaiwerken-penkits.nl\/fr\/wp-json\/wp\/v2\/product"}],"about":[{"href":"https:\/\/houtdraaiwerken-penkits.nl\/fr\/wp-json\/wp\/v2\/types\/product"}],"replies":[{"embeddable":true,"href":"https:\/\/houtdraaiwerken-penkits.nl\/fr\/wp-json\/wp\/v2\/comments?post=86901"}],"wp:featuredmedia":[{"embeddable":true,"href":"https:\/\/houtdraaiwerken-penkits.nl\/fr\/wp-json\/wp\/v2\/media\/63188"}],"wp:attachment":[{"href":"https:\/\/houtdraaiwerken-penkits.nl\/fr\/wp-json\/wp\/v2\/media?parent=86901"}],"wp:term":[{"taxonomy":"product_brand","embeddable":true,"href":"https:\/\/houtdraaiwerken-penkits.nl\/fr\/wp-json\/wp\/v2\/product_brand?post=86901"},{"taxonomy":"product_cat","embeddable":true,"href":"https:\/\/houtdraaiwerken-penkits.nl\/fr\/wp-json\/wp\/v2\/product_cat?post=86901"},{"taxonomy":"product_tag","embeddable":true,"href":"https:\/\/houtdraaiwerken-penkits.nl\/fr\/wp-json\/wp\/v2\/product_tag?post=86901"}],"curies":[{"name":"wp","href":"https:\/\/api.w.org\/{rel}","templated":true}]}}