{"id":86937,"date":"2020-12-17T13:56:57","date_gmt":"2020-12-17T12:56:57","guid":{"rendered":"https:\/\/houtdraaiwerken-penkits.nl\/shop\/non class\u00e9\/foret-db-9-16\/"},"modified":"2025-08-02T14:40:44","modified_gmt":"2025-08-02T12:40:44","slug":"foret-db-9-16","status":"publish","type":"product","link":"https:\/\/houtdraaiwerken-penkits.nl\/fr\/shop\/perceuse\/db-9-16-boor-fr\/foret-db-9-16\/","title":{"rendered":"Foret DB 9\/16"},"content":{"rendered":"","protected":false},"excerpt":{"rendered":"<h6>14.28mm M\u00e8che pour<\/h6>\n<h6 class=\"product_title entry-title\">Kits porte-cl\u00e9s bo\u00eete \u00e0 pilules \u00e0 compartiment secret<\/h6>\n<p>&nbsp;<\/p>\n","protected":false},"featured_media":39893,"comment_status":"open","ping_status":"closed","template":"","meta":{"_et_pb_use_builder":"","_et_pb_old_content":"","_et_gb_content_width":""},"product_brand":[],"product_cat":[4951,2396],"product_tag":[6604],"class_list":{"0":"post-86937","1":"product","2":"type-product","3":"status-publish","4":"has-post-thumbnail","6":"product_cat-db-9-16-boor-fr","7":"product_cat-perceuse","8":"product_tag-db125-fr","10":"first","11":"instock","12":"taxable","13":"shipping-taxable","14":"purchasable","15":"product-type-simple"},"_links":{"self":[{"href":"https:\/\/houtdraaiwerken-penkits.nl\/fr\/wp-json\/wp\/v2\/product\/86937","targetHints":{"allow":["GET"]}}],"collection":[{"href":"https:\/\/houtdraaiwerken-penkits.nl\/fr\/wp-json\/wp\/v2\/product"}],"about":[{"href":"https:\/\/houtdraaiwerken-penkits.nl\/fr\/wp-json\/wp\/v2\/types\/product"}],"replies":[{"embeddable":true,"href":"https:\/\/houtdraaiwerken-penkits.nl\/fr\/wp-json\/wp\/v2\/comments?post=86937"}],"wp:featuredmedia":[{"embeddable":true,"href":"https:\/\/houtdraaiwerken-penkits.nl\/fr\/wp-json\/wp\/v2\/media\/39893"}],"wp:attachment":[{"href":"https:\/\/houtdraaiwerken-penkits.nl\/fr\/wp-json\/wp\/v2\/media?parent=86937"}],"wp:term":[{"taxonomy":"product_brand","embeddable":true,"href":"https:\/\/houtdraaiwerken-penkits.nl\/fr\/wp-json\/wp\/v2\/product_brand?post=86937"},{"taxonomy":"product_cat","embeddable":true,"href":"https:\/\/houtdraaiwerken-penkits.nl\/fr\/wp-json\/wp\/v2\/product_cat?post=86937"},{"taxonomy":"product_tag","embeddable":true,"href":"https:\/\/houtdraaiwerken-penkits.nl\/fr\/wp-json\/wp\/v2\/product_tag?post=86937"}],"curies":[{"name":"wp","href":"https:\/\/api.w.org\/{rel}","templated":true}]}}