{"id":87022,"date":"2022-03-30T17:06:51","date_gmt":"2022-03-30T15:06:51","guid":{"rendered":"https:\/\/houtdraaiwerken-penkits.nl\/shop\/non class\u00e9\/kit-pelle-a-glace-psi-acier-inoxydable-acier-inoxydable\/"},"modified":"2022-03-30T17:06:51","modified_gmt":"2022-03-30T15:06:51","slug":"kit-pelle-a-glace-psi-acier-inoxydable-acier-inoxydable","status":"publish","type":"product","link":"https:\/\/houtdraaiwerken-penkits.nl\/fr\/shop\/autres-kits\/kits-dustensiles-de-cuisine\/kit-pelle-a-glace-psi\/kit-pelle-a-glace-psi-acier-inoxydable-acier-inoxydable\/","title":{"rendered":"Kit pelle \u00e0 glace ( PSI ) Acier inoxydable Acier inoxydable"},"content":{"rendered":"<p>Mat\u00e9riel suppl\u00e9mentaire requis : pour le kit de stylo rotatif professionnel ( PSI )<\/p>\n<p><a href=\"https:\/\/www.houtdraaiwerken-penkits.nl\/shop\/busjes-sets\/bu985\/bu985\/\">BU985<\/a> Bagues<\/p>\n<p><a href=\"https:\/\/www.houtdraaiwerken-penkits.nl\/shop\/gereedschap-en-boren\/boren\/db010\/db010\/\">DB010<\/a> perceuse<\/p>\n<p><a href=\"https:\/\/www.houtdraaiwerken-penkits.nl\/shop\/gereedschap-en-boren\/gereedschap\/pm014pen-mills-hss-dia-9-15mm-l9-5cm-for-10mm-pen-tubes\/\">PM014<\/a> fraise \u00e0 stylo Veuillez noter que pour une fraise \u00e0 stylo, vous aurez \u00e9galement besoin d&rsquo;une fraise <a href=\"https:\/\/houtdraaiwerken-penkits.nl\/de\/shop\/werkzeuge\/pm006-3-4-schneidkopf-mit-6-schneiden-fuer-pen-muehlen\/\">PM006<\/a> ou <a href=\"https:\/\/houtdraaiwerken-penkits.nl\/de\/shop\/werkzeuge\/pm002-3-4-schneidkopf-mit-4-schneidkanten-fuer-pen-mills\/\">PM002<\/a> La fraise s&rsquo;adapte \u00e0 toutes les tailles de fraise \u00e0 stylo.<\/p>\n","protected":false},"excerpt":{"rendered":"<p>Mat\u00e9riel suppl\u00e9mentaire requis : pour le kit de stylo rotatif professionnel ( PSI ) BU985 Bagues DB010 perceuse PM014 fraise \u00e0 stylo Veuillez noter que pour une fraise \u00e0 stylo, vous aurez \u00e9galement besoin d&rsquo;une fraise PM006 ou PM002 La fraise s&rsquo;adapte \u00e0 toutes les tailles de fraise \u00e0 stylo.<\/p>\n","protected":false},"featured_media":62660,"comment_status":"open","ping_status":"closed","template":"","meta":{"_et_pb_use_builder":"","_et_pb_old_content":"","_et_gb_content_width":""},"product_brand":[],"product_cat":[7845],"product_tag":[7846,2212,2939,7847],"class_list":{"0":"post-87022","1":"product","2":"type-product","3":"status-publish","4":"has-post-thumbnail","6":"product_cat-kit-pelle-a-glace-psi","7":"product_tag-kit-professionnel-de-stylo-a-bille","8":"product_tag-kits-de-stylos","9":"product_tag-kits-de-stylos-fr","10":"product_tag-pelle-a-glace","12":"first","13":"instock","14":"taxable","15":"shipping-taxable","16":"purchasable","17":"product-type-simple"},"_links":{"self":[{"href":"https:\/\/houtdraaiwerken-penkits.nl\/fr\/wp-json\/wp\/v2\/product\/87022","targetHints":{"allow":["GET"]}}],"collection":[{"href":"https:\/\/houtdraaiwerken-penkits.nl\/fr\/wp-json\/wp\/v2\/product"}],"about":[{"href":"https:\/\/houtdraaiwerken-penkits.nl\/fr\/wp-json\/wp\/v2\/types\/product"}],"replies":[{"embeddable":true,"href":"https:\/\/houtdraaiwerken-penkits.nl\/fr\/wp-json\/wp\/v2\/comments?post=87022"}],"wp:featuredmedia":[{"embeddable":true,"href":"https:\/\/houtdraaiwerken-penkits.nl\/fr\/wp-json\/wp\/v2\/media\/62660"}],"wp:attachment":[{"href":"https:\/\/houtdraaiwerken-penkits.nl\/fr\/wp-json\/wp\/v2\/media?parent=87022"}],"wp:term":[{"taxonomy":"product_brand","embeddable":true,"href":"https:\/\/houtdraaiwerken-penkits.nl\/fr\/wp-json\/wp\/v2\/product_brand?post=87022"},{"taxonomy":"product_cat","embeddable":true,"href":"https:\/\/houtdraaiwerken-penkits.nl\/fr\/wp-json\/wp\/v2\/product_cat?post=87022"},{"taxonomy":"product_tag","embeddable":true,"href":"https:\/\/houtdraaiwerken-penkits.nl\/fr\/wp-json\/wp\/v2\/product_tag?post=87022"}],"curies":[{"name":"wp","href":"https:\/\/api.w.org\/{rel}","templated":true}]}}