{"id":87064,"date":"2022-03-18T13:02:52","date_gmt":"2022-03-18T12:02:52","guid":{"rendered":"https:\/\/houtdraaiwerken-penkits.nl\/shop\/non class\u00e9\/porte-baume-a-levres-kit-psi\/"},"modified":"2022-03-18T13:02:52","modified_gmt":"2022-03-18T12:02:52","slug":"porte-baume-a-levres-kit-psi","status":"publish","type":"product","link":"https:\/\/houtdraaiwerken-penkits.nl\/fr\/shop\/autres-kits\/divers-kits\/porte-baume-a-levres-kit-psi\/porte-baume-a-levres-kit-psi\/","title":{"rendered":"Porte-baume \u00e0 l\u00e8vres Kit (PSI)"},"content":{"rendered":"<p>Mat\u00e9riel suppl\u00e9mentaire requis :<\/p>\n<p><a href=\"https:\/\/www.houtdraaiwerken-penkits.nl\/shop\/busjes-sets\/bu987\/bu987\/\">BU987<\/a> Bushings<\/p>\n<p><a href=\"https:\/\/www.houtdraaiwerken-penkits.nl\/shop\/gereedschap-en-boren\/boren\/forstner-boren\/\">45\/64 In<\/a> ch Forstner Bit.<\/p>\n","protected":false},"excerpt":{"rendered":"<p><img loading=\"lazy\" decoding=\"async\" class=\"alignnone size-medium wp-image-12344\" src=\"https:\/\/www.houtdraaiwerken-penkits.nl\/wp-content\/uploads\/2022\/03\/lippenbalsem-a-300x148.jpg\" alt=\"\" width=\"300\" height=\"148\"><\/p>\n<p>Uniquement pour ce type ! Pas pour ce type ![:en]<img loading=\"lazy\" decoding=\"async\" class=\"alignnone size-medium wp-image-12344\" src=\"https:\/\/www.houtdraaiwerken-penkits.nl\/wp-content\/uploads\/2022\/03\/lippenbalsem-a-300x148.jpg\" alt=\"\" width=\"300\" height=\"148\"><\/p>\n<p> Uniquement pour ce type ! Pas pour ce type ![:de]<img loading=\"lazy\" decoding=\"async\" class=\"alignnone size-medium wp-image-12344\" src=\"https:\/\/www.houtdraaiwerken-penkits.nl\/wp-content\/uploads\/2022\/03\/lippenbalsem-a-300x148.jpg\" alt=\"\" width=\"300\" height=\"148\"><\/p>\n<p> Nur f\u00fcr diesen Typ ! Nicht f\u00fcr diesen Typ ![:]<\/p>\n","protected":false},"featured_media":62561,"comment_status":"open","ping_status":"closed","template":"","meta":{"_et_pb_use_builder":"","_et_pb_old_content":"","_et_gb_content_width":""},"product_brand":[],"product_cat":[2259,7871],"product_tag":[2212,2939,4840],"class_list":{"0":"post-87064","1":"product","2":"type-product","3":"status-publish","4":"has-post-thumbnail","6":"product_cat-divers-kits","7":"product_cat-porte-baume-a-levres-kit-psi","8":"product_tag-kits-de-stylos","9":"product_tag-kits-de-stylos-fr","10":"product_tag-kits-de-stylos-gear-click","12":"first","13":"outofstock","14":"taxable","15":"shipping-taxable","16":"purchasable","17":"product-type-simple"},"_links":{"self":[{"href":"https:\/\/houtdraaiwerken-penkits.nl\/fr\/wp-json\/wp\/v2\/product\/87064","targetHints":{"allow":["GET"]}}],"collection":[{"href":"https:\/\/houtdraaiwerken-penkits.nl\/fr\/wp-json\/wp\/v2\/product"}],"about":[{"href":"https:\/\/houtdraaiwerken-penkits.nl\/fr\/wp-json\/wp\/v2\/types\/product"}],"replies":[{"embeddable":true,"href":"https:\/\/houtdraaiwerken-penkits.nl\/fr\/wp-json\/wp\/v2\/comments?post=87064"}],"wp:featuredmedia":[{"embeddable":true,"href":"https:\/\/houtdraaiwerken-penkits.nl\/fr\/wp-json\/wp\/v2\/media\/62561"}],"wp:attachment":[{"href":"https:\/\/houtdraaiwerken-penkits.nl\/fr\/wp-json\/wp\/v2\/media?parent=87064"}],"wp:term":[{"taxonomy":"product_brand","embeddable":true,"href":"https:\/\/houtdraaiwerken-penkits.nl\/fr\/wp-json\/wp\/v2\/product_brand?post=87064"},{"taxonomy":"product_cat","embeddable":true,"href":"https:\/\/houtdraaiwerken-penkits.nl\/fr\/wp-json\/wp\/v2\/product_cat?post=87064"},{"taxonomy":"product_tag","embeddable":true,"href":"https:\/\/houtdraaiwerken-penkits.nl\/fr\/wp-json\/wp\/v2\/product_tag?post=87064"}],"curies":[{"name":"wp","href":"https:\/\/api.w.org\/{rel}","templated":true}]}}