{"id":87650,"date":"2025-12-11T14:14:18","date_gmt":"2025-12-11T13:14:18","guid":{"rendered":"https:\/\/houtdraaiwerken-penkits.nl\/shop\/non%20class\u00e9\/kit-de-creation-de-briquet\/"},"modified":"2026-04-13T22:19:59","modified_gmt":"2026-04-13T20:19:59","slug":"kit-de-creation-de-briquet","status":"publish","type":"product","link":"https:\/\/houtdraaiwerken-penkits.nl\/fr\/shop\/autres-kits\/divers-kits\/kit-de-creation-de-briquet\/kit-de-creation-de-briquet\/","title":{"rendered":"Kit de cr\u00e9ation de briquet"},"content":{"rendered":"<p>Mat\u00e9riel suppl\u00e9mentaire requis :<\/p>\n<p>RSDB121 M\u00e8che<\/p>\n<p>Il n&rsquo;y a pas de tubes dans le bois. Vous collez donc le bois directement sur le m\u00e9tal du briquet apr\u00e8s avoir tourn\u00e9 et fini le bois.<\/p>\n<p>Vous pouvez donc percer un trou dans le bois, puis tourner le bois entre les centres.<\/p>\n","protected":false},"excerpt":{"rendered":"<p>Kit briquet<\/p>\n","protected":false},"featured_media":64255,"comment_status":"open","ping_status":"closed","template":"","meta":{"_et_pb_use_builder":"","_et_pb_old_content":"","_et_gb_content_width":""},"product_brand":[],"product_cat":[2255,2259,8122],"product_tag":[8123,8124,2213,2212],"class_list":{"0":"post-87650","1":"product","2":"type-product","3":"status-publish","4":"has-post-thumbnail","6":"product_cat-autres-kits","7":"product_cat-divers-kits","8":"product_cat-kit-de-creation-de-briquet","9":"product_tag-kit-briquet","10":"product_tag-kit-feuerzeug","11":"product_tag-kits-de-projets","12":"product_tag-kits-de-stylos","14":"first","15":"instock","16":"taxable","17":"shipping-taxable","18":"purchasable","19":"product-type-variable"},"_links":{"self":[{"href":"https:\/\/houtdraaiwerken-penkits.nl\/fr\/wp-json\/wp\/v2\/product\/87650","targetHints":{"allow":["GET"]}}],"collection":[{"href":"https:\/\/houtdraaiwerken-penkits.nl\/fr\/wp-json\/wp\/v2\/product"}],"about":[{"href":"https:\/\/houtdraaiwerken-penkits.nl\/fr\/wp-json\/wp\/v2\/types\/product"}],"replies":[{"embeddable":true,"href":"https:\/\/houtdraaiwerken-penkits.nl\/fr\/wp-json\/wp\/v2\/comments?post=87650"}],"wp:featuredmedia":[{"embeddable":true,"href":"https:\/\/houtdraaiwerken-penkits.nl\/fr\/wp-json\/wp\/v2\/media\/64255"}],"wp:attachment":[{"href":"https:\/\/houtdraaiwerken-penkits.nl\/fr\/wp-json\/wp\/v2\/media?parent=87650"}],"wp:term":[{"taxonomy":"product_brand","embeddable":true,"href":"https:\/\/houtdraaiwerken-penkits.nl\/fr\/wp-json\/wp\/v2\/product_brand?post=87650"},{"taxonomy":"product_cat","embeddable":true,"href":"https:\/\/houtdraaiwerken-penkits.nl\/fr\/wp-json\/wp\/v2\/product_cat?post=87650"},{"taxonomy":"product_tag","embeddable":true,"href":"https:\/\/houtdraaiwerken-penkits.nl\/fr\/wp-json\/wp\/v2\/product_tag?post=87650"}],"curies":[{"name":"wp","href":"https:\/\/api.w.org\/{rel}","templated":true}]}}