{"id":87717,"date":"2022-11-11T11:57:44","date_gmt":"2022-11-11T10:57:44","guid":{"rendered":"https:\/\/houtdraaiwerken-penkits.nl\/shop\/non class\u00e9\/plume-en-resine-speciale\/"},"modified":"2022-11-11T11:57:44","modified_gmt":"2022-11-11T10:57:44","slug":"plume-en-resine-speciale","status":"publish","type":"product","link":"https:\/\/houtdraaiwerken-penkits.nl\/fr\/shop\/ebauches-de-stylos\/decoupes-acryliques-speciales\/plume-en-resine-speciale\/","title":{"rendered":"Plume en r\u00e9sine sp\u00e9ciale"},"content":{"rendered":"<p>1,4,5,6,8,10,11 et 12 sont compos\u00e9s de Cotton shell et de casuarina<br \/>\n2 et 3 sont compos\u00e9s de pot pourri<br \/>\n7 et 9 sont compos\u00e9s de cannelle et de sabulosum<\/p>\n","protected":false},"excerpt":{"rendered":"<p>Plume en r\u00e9sine sp\u00e9ciale<\/p>\n<p>taille +\/- 20*20*180mm<\/p>\n<p>&nbsp;<\/p>\n","protected":false},"featured_media":64497,"comment_status":"open","ping_status":"closed","template":"","meta":{"_et_pb_use_builder":"","_et_pb_old_content":"","_et_gb_content_width":""},"product_brand":[],"product_cat":[5226,2796],"product_tag":[2798],"class_list":{"0":"post-87717","1":"product","2":"type-product","3":"status-publish","4":"has-post-thumbnail","6":"product_cat-decoupes-acryliques-speciales","7":"product_cat-ebauches-de-stylos","8":"product_tag-stylo-en-acrylique-vierge","10":"first","11":"instock","12":"taxable","13":"shipping-taxable","14":"purchasable","15":"product-type-variable"},"_links":{"self":[{"href":"https:\/\/houtdraaiwerken-penkits.nl\/fr\/wp-json\/wp\/v2\/product\/87717","targetHints":{"allow":["GET"]}}],"collection":[{"href":"https:\/\/houtdraaiwerken-penkits.nl\/fr\/wp-json\/wp\/v2\/product"}],"about":[{"href":"https:\/\/houtdraaiwerken-penkits.nl\/fr\/wp-json\/wp\/v2\/types\/product"}],"replies":[{"embeddable":true,"href":"https:\/\/houtdraaiwerken-penkits.nl\/fr\/wp-json\/wp\/v2\/comments?post=87717"}],"wp:featuredmedia":[{"embeddable":true,"href":"https:\/\/houtdraaiwerken-penkits.nl\/fr\/wp-json\/wp\/v2\/media\/64497"}],"wp:attachment":[{"href":"https:\/\/houtdraaiwerken-penkits.nl\/fr\/wp-json\/wp\/v2\/media?parent=87717"}],"wp:term":[{"taxonomy":"product_brand","embeddable":true,"href":"https:\/\/houtdraaiwerken-penkits.nl\/fr\/wp-json\/wp\/v2\/product_brand?post=87717"},{"taxonomy":"product_cat","embeddable":true,"href":"https:\/\/houtdraaiwerken-penkits.nl\/fr\/wp-json\/wp\/v2\/product_cat?post=87717"},{"taxonomy":"product_tag","embeddable":true,"href":"https:\/\/houtdraaiwerken-penkits.nl\/fr\/wp-json\/wp\/v2\/product_tag?post=87717"}],"curies":[{"name":"wp","href":"https:\/\/api.w.org\/{rel}","templated":true}]}}