{"id":88050,"date":"2022-03-17T10:18:26","date_gmt":"2022-03-17T09:18:26","guid":{"rendered":"https:\/\/houtdraaiwerken-penkits.nl\/shop\/non class\u00e9\/kits-de-stylos-zoltin-click\/"},"modified":"2026-03-26T10:42:43","modified_gmt":"2026-03-26T09:42:43","slug":"kits-de-stylos-zoltin-click","status":"publish","type":"product","link":"https:\/\/houtdraaiwerken-penkits.nl\/fr\/shop\/kits-de-stylos\/kits-de-stylos-fabrique-a-taiwan\/kits-de-stylos-zoltin\/kits-de-stylos-zoltin-click\/","title":{"rendered":"Kits de stylos Zoltin Click"},"content":{"rendered":"<p>Mat\u00e9riel suppl\u00e9mentaire n\u00e9cessaire :<\/p>\n<p><a href=\"https:\/\/www.houtdraaiwerken-penkits.nl\/shop\/busjes-sets\/bu2002\/bu2002\/\">BU2002<\/a> Bagues<\/p>\n<p><a href=\"https:\/\/www.houtdraaiwerken-penkits.nl\/shop\/gereedschap-en-boren\/boren\/rsdb25-64-boor\/\">RSDB25\/64<\/a> Perceuse 25\/64<\/p>\n<p><a href=\"https:\/\/www.houtdraaiwerken-penkits.nl\/shop\/gereedschap-en-boren\/gereedschap\/pen-mills\/pm013\/pm013pen-mills-hss-dia-8-64mm-l9-5cm-for-38-pen-tubes\/\">PM013<\/a> Fraise \u00e0 stylo<\/p>\n","protected":false},"excerpt":{"rendered":"<p>Le stylo Zoltin Click est un stylo fin et a\u00e9rodynamique, avec un excellent \u00e9quilibre. Son style conf\u00e8re au Zoltin une sensation agr\u00e9able.<br \/>\nLe Zoltin est livr\u00e9 avec une recharge de style Parker et un m\u00e9canisme Click haut de gamme pour une performance d&rsquo;\u00e9criture optimale. Ce kit de stylo est fabriqu\u00e9 \u00e0 Taiwan. Ce kit de stylo est retir\u00e9 de l&rsquo;arsortiment car il n&rsquo;est plus produit par le fabricant.   <\/p>\n","protected":false},"featured_media":62737,"comment_status":"open","ping_status":"closed","template":"","meta":{"_et_pb_use_builder":"off","_et_pb_old_content":"[:nl]Mat\u00e9riel suppl\u00e9mentaire requis :\n\n<a href=\"https:\/\/www.houtdraaiwerken-penkits.nl\/shop\/busjes-sets\/bu2002\/bu2002\/\">BU2002<\/a> Bagues\n\n<a href=\"https:\/\/www.houtdraaiwerken-penkits.nl\/shop\/gereedschap-en-boren\/boren\/rsdb25-64-boor\/\">RSDB25\/64<\/a> Per\u00e7age 25\/64\n\n<a href=\"https:\/\/www.houtdraaiwerken-penkits.nl\/shop\/gereedschap-en-boren\/gereedschap\/pm014pen-mills-hss-dia-9-15mm-l9-5cm-for-10mm-pen-tubes\/\">PM014<\/a> pen mill[:en]Mat\u00e9riel suppl\u00e9mentaire n\u00e9cessaire :\n\n<a href=\"https:\/\/www.houtdraaiwerken-penkits.nl\/shop\/busjes-sets\/bu2002\/bu2002\/\">BU2002<\/a> Bagues\n\n<a href=\"https:\/\/www.houtdraaiwerken-penkits.nl\/shop\/gereedschap-en-boren\/boren\/rsdb25-64-boor\/\">RSDB25\/64<\/a> Per\u00e7age 25\/64\n\n<a href=\"https:\/\/www.houtdraaiwerken-penkits.nl\/shop\/gereedschap-en-boren\/gereedschap\/pm014pen-mills-hss-dia-9-15mm-l9-5cm-for-10mm-pen-tubes\/\">PM014<\/a> pen mill[:de]Mat\u00e9riel suppl\u00e9mentaire n\u00e9cessaire :\n\n<a href=\"https:\/\/www.houtdraaiwerken-penkits.nl\/shop\/busjes-sets\/bu2002\/bu2002\/\">BU2002<\/a> Bagues\n\n<a href=\"https:\/\/www.houtdraaiwerken-penkits.nl\/shop\/gereedschap-en-boren\/boren\/rsdb25-64-boor\/\">RSDB25\/64<\/a> Per\u00e7age 25\/64\n\nMoulin \u00e0 plumes <a href=\"https:\/\/www.houtdraaiwerken-penkits.nl\/shop\/gereedschap-en-boren\/gereedschap\/pm014pen-mills-hss-dia-9-15mm-l9-5cm-for-10mm-pen-tubes\/\">PM014<\/a> \n\n.[ :]","_et_gb_content_width":""},"product_brand":[],"product_cat":[3023,8316,8317,4705],"product_tag":[5384,2212],"class_list":{"0":"post-88050","1":"product","2":"type-product","3":"status-publish","4":"has-post-thumbnail","6":"product_cat-kits-de-stylos-a-encliqueter","7":"product_cat-kits-de-stylos-zoltin","8":"product_cat-kits-de-stylos-zoltin-click","9":"product_cat-offres","10":"product_tag-kit-stylo-roller-tyrin","11":"product_tag-kits-de-stylos","13":"first","14":"instock","15":"taxable","16":"shipping-taxable","17":"purchasable","18":"product-type-variable"},"_links":{"self":[{"href":"https:\/\/houtdraaiwerken-penkits.nl\/fr\/wp-json\/wp\/v2\/product\/88050","targetHints":{"allow":["GET"]}}],"collection":[{"href":"https:\/\/houtdraaiwerken-penkits.nl\/fr\/wp-json\/wp\/v2\/product"}],"about":[{"href":"https:\/\/houtdraaiwerken-penkits.nl\/fr\/wp-json\/wp\/v2\/types\/product"}],"replies":[{"embeddable":true,"href":"https:\/\/houtdraaiwerken-penkits.nl\/fr\/wp-json\/wp\/v2\/comments?post=88050"}],"wp:featuredmedia":[{"embeddable":true,"href":"https:\/\/houtdraaiwerken-penkits.nl\/fr\/wp-json\/wp\/v2\/media\/62737"}],"wp:attachment":[{"href":"https:\/\/houtdraaiwerken-penkits.nl\/fr\/wp-json\/wp\/v2\/media?parent=88050"}],"wp:term":[{"taxonomy":"product_brand","embeddable":true,"href":"https:\/\/houtdraaiwerken-penkits.nl\/fr\/wp-json\/wp\/v2\/product_brand?post=88050"},{"taxonomy":"product_cat","embeddable":true,"href":"https:\/\/houtdraaiwerken-penkits.nl\/fr\/wp-json\/wp\/v2\/product_cat?post=88050"},{"taxonomy":"product_tag","embeddable":true,"href":"https:\/\/houtdraaiwerken-penkits.nl\/fr\/wp-json\/wp\/v2\/product_tag?post=88050"}],"curies":[{"name":"wp","href":"https:\/\/api.w.org\/{rel}","templated":true}]}}