{"id":90305,"date":"2025-05-13T15:14:08","date_gmt":"2025-05-13T13:14:08","guid":{"rendered":"https:\/\/houtdraaiwerken-penkits.nl\/?post_type=product&#038;p=90305"},"modified":"2025-07-18T09:37:50","modified_gmt":"2025-07-18T07:37:50","slug":"f6-recharges-de-type-parker-kopie","status":"publish","type":"product","link":"https:\/\/houtdraaiwerken-penkits.nl\/fr\/shop\/recharges-encre-plumes\/recharge-style-parker-pour-crayon-everlasting\/f6-recharges-de-type-parker-kopie\/","title":{"rendered":"Recharge style Parker pour crayon Everlasting"},"content":{"rendered":"","protected":false},"excerpt":{"rendered":"<p>Ces recharges pour crayons Everlasting style Parker s&rsquo;adaptent \u00e0 tous les biros qui ont une recharge de style Parker. Vous pouvez donc \u00e9changer ces recharges. Vous pouvez ainsi transformer un biro en un crayon \u00e9ternel.<\/p>\n<p>L&rsquo;\u00e9paisseur de la pointe est de +\/- 2,4 mm<\/p>\n","protected":false},"featured_media":90327,"comment_status":"open","ping_status":"closed","template":"","meta":{"_et_pb_use_builder":"","_et_pb_old_content":"","_et_gb_content_width":""},"product_brand":[],"product_cat":[8445,2085],"product_tag":[2342,2343],"class_list":{"0":"post-90305","1":"product","2":"type-product","3":"status-publish","4":"has-post-thumbnail","6":"product_cat-recharge-style-parker-pour-crayon-everlasting","7":"product_cat-recharges-encre-plumes","8":"product_tag-recharges-pour-cigares-designations-premium","9":"product_tag-stylo-sierra","11":"first","12":"instock","13":"taxable","14":"shipping-taxable","15":"purchasable","16":"product-type-simple"},"_links":{"self":[{"href":"https:\/\/houtdraaiwerken-penkits.nl\/fr\/wp-json\/wp\/v2\/product\/90305","targetHints":{"allow":["GET"]}}],"collection":[{"href":"https:\/\/houtdraaiwerken-penkits.nl\/fr\/wp-json\/wp\/v2\/product"}],"about":[{"href":"https:\/\/houtdraaiwerken-penkits.nl\/fr\/wp-json\/wp\/v2\/types\/product"}],"replies":[{"embeddable":true,"href":"https:\/\/houtdraaiwerken-penkits.nl\/fr\/wp-json\/wp\/v2\/comments?post=90305"}],"wp:featuredmedia":[{"embeddable":true,"href":"https:\/\/houtdraaiwerken-penkits.nl\/fr\/wp-json\/wp\/v2\/media\/90327"}],"wp:attachment":[{"href":"https:\/\/houtdraaiwerken-penkits.nl\/fr\/wp-json\/wp\/v2\/media?parent=90305"}],"wp:term":[{"taxonomy":"product_brand","embeddable":true,"href":"https:\/\/houtdraaiwerken-penkits.nl\/fr\/wp-json\/wp\/v2\/product_brand?post=90305"},{"taxonomy":"product_cat","embeddable":true,"href":"https:\/\/houtdraaiwerken-penkits.nl\/fr\/wp-json\/wp\/v2\/product_cat?post=90305"},{"taxonomy":"product_tag","embeddable":true,"href":"https:\/\/houtdraaiwerken-penkits.nl\/fr\/wp-json\/wp\/v2\/product_tag?post=90305"}],"curies":[{"name":"wp","href":"https:\/\/api.w.org\/{rel}","templated":true}]}}