{"id":92114,"date":"2025-05-26T13:06:47","date_gmt":"2025-05-26T11:06:47","guid":{"rendered":"https:\/\/houtdraaiwerken-penkits.nl\/?post_type=product&#038;p=92114"},"modified":"2025-11-15T16:03:34","modified_gmt":"2025-11-15T15:03:34","slug":"kits-daiguilles-de-recuperation","status":"publish","type":"product","link":"https:\/\/houtdraaiwerken-penkits.nl\/fr\/shop\/autres-kits\/divers-kits\/kits-daiguilles-de-recuperation\/","title":{"rendered":"kits d&rsquo;aiguilles de r\u00e9cup\u00e9ration"},"content":{"rendered":"<p>Mat\u00e9riel suppl\u00e9mentaire requis :<\/p>\n<p><a href=\"https:\/\/houtdraaiwerken-penkits.nl\/fr\/shop\/jeu-dentretoises\/bu91-fr\/bu91\/\">BU91<\/a>\u00a0Bushings<\/p>\n<p><a href=\"https:\/\/houtdraaiwerken-penkits.nl\/fr\/shop\/perceuse\/db008-fr\/db008-meche-8-mm\/\">DB008<\/a>\u00a0M\u00e8che<\/p>\n<p><a href=\"https:\/\/houtdraaiwerken-penkits.nl\/fr\/shop\/outils\/calibreur\/pm012-fraises-a-stylo-hss-dia-7-2mm-l9-5cm-pour-tubes-de-8mm\/\">PM012<\/a>\u00a0Calibreur<\/p>\n<p>Veuillez noter que pour une Calibreur vous aurez \u00e9galement besoin d\u2019une fraise\u00a0<a href=\"https:\/\/houtdraaiwerken-penkits.nl\/fr\/shop\/outils\/calibreur\/pm006-fr\/pm006-tete-de-coupe-3-4-a-6-tranchants-pour-fraises-pen\/\">PM006<\/a>\u00a0ou\u00a0<a href=\"https:\/\/houtdraaiwerken-penkits.nl\/fr\/shop\/outils\/calibreur\/pm002-fr\/nlpm002-tete-de-coupe-3-4-avec-4-aretes-de-coupe-pour-fraises-pen\/\">PM002<\/a>\u00a0La fraise s\u2019adapte \u00e0 n\u2019importe quelle taille de Calibreur.<\/p>\n","protected":false},"excerpt":{"rendered":"<p>Cette aiguille de r\u00e9paration permet de faire passer les crochets \u00e0 travers le dos des v\u00eatements. Particuli\u00e8rement efficace sur les v\u00eatements tricot\u00e9s.<\/p>\n","protected":false},"featured_media":92099,"comment_status":"closed","ping_status":"closed","template":"","meta":{"_et_pb_use_builder":"","_et_pb_old_content":"","_et_gb_content_width":""},"product_brand":[],"product_cat":[2259],"product_tag":[],"class_list":{"0":"post-92114","1":"product","2":"type-product","3":"status-publish","4":"has-post-thumbnail","6":"product_cat-divers-kits","8":"first","9":"instock","10":"taxable","11":"shipping-taxable","12":"purchasable","13":"product-type-variable"},"_links":{"self":[{"href":"https:\/\/houtdraaiwerken-penkits.nl\/fr\/wp-json\/wp\/v2\/product\/92114","targetHints":{"allow":["GET"]}}],"collection":[{"href":"https:\/\/houtdraaiwerken-penkits.nl\/fr\/wp-json\/wp\/v2\/product"}],"about":[{"href":"https:\/\/houtdraaiwerken-penkits.nl\/fr\/wp-json\/wp\/v2\/types\/product"}],"replies":[{"embeddable":true,"href":"https:\/\/houtdraaiwerken-penkits.nl\/fr\/wp-json\/wp\/v2\/comments?post=92114"}],"wp:featuredmedia":[{"embeddable":true,"href":"https:\/\/houtdraaiwerken-penkits.nl\/fr\/wp-json\/wp\/v2\/media\/92099"}],"wp:attachment":[{"href":"https:\/\/houtdraaiwerken-penkits.nl\/fr\/wp-json\/wp\/v2\/media?parent=92114"}],"wp:term":[{"taxonomy":"product_brand","embeddable":true,"href":"https:\/\/houtdraaiwerken-penkits.nl\/fr\/wp-json\/wp\/v2\/product_brand?post=92114"},{"taxonomy":"product_cat","embeddable":true,"href":"https:\/\/houtdraaiwerken-penkits.nl\/fr\/wp-json\/wp\/v2\/product_cat?post=92114"},{"taxonomy":"product_tag","embeddable":true,"href":"https:\/\/houtdraaiwerken-penkits.nl\/fr\/wp-json\/wp\/v2\/product_tag?post=92114"}],"curies":[{"name":"wp","href":"https:\/\/api.w.org\/{rel}","templated":true}]}}